{"id":29,"date":"2022-10-12T19:04:34","date_gmt":"2022-10-12T19:04:34","guid":{"rendered":"https:\/\/muha-drought.apps.vokas.si\/?page_id=29"},"modified":"2023-12-05T21:39:02","modified_gmt":"2023-12-05T21:39:02","slug":"porocanje-obcin-in-ijs-oskrbe-s-pitno-vodo-o-susi","status":"publish","type":"page","link":"https:\/\/muha-drought.apps.vokas.si\/","title":{"rendered":"Poro\u010danje ob\u010din in izvajalcev javne slu\u017ebe oskrbe s pitno vodo o obratovanju v ekstremnih razmerah"},"content":{"rendered":"\n<p>Ekstremne razmere, kot so su\u0161a ali poplava vplivajo na koli\u010dino ter kvaliteto vodnih virov ter posledi\u010dno na izvajanje javne slu\u017ebe z oskrbo s pitno vodo.<\/p>\n\n\n\n<p>Su\u0161ne razmere v letu 2022 ter poplavne razmere v letu 2023 so imele izjemen vpliv na izvajanje javne slu\u017ebe oskrbe s pitno vodo. <\/p>\n\n\n\n<p>Z namenom bolj\u0161ega razumevanja tega pojava smo partnerji projekta MUHA (MUltiHAzard framework for water related risk management \u2013 Okvir za upravljanje tveganj v povezavi z oskrbo s pitno vodo) Univerza v Ljubljani in Skupnost ob\u010din Slovenije pripravili vpra\u0161alnik.<\/p>\n\n\n\n<p>Razumevanje pojava bo mogo\u010de kasneje nadgraditi tudi z usmerjenim razvojem ukrepov, da bomo pove\u010dali svojo pripravljenost na tovrstne dogodke, ki bodo v prihodnje verjetno vse pogostej\u0161i.<\/p>\n\n\n\n<p>Vabljeni k sodelovanju.<\/p>\n\n\n\n<div class=\"wp-container-1 wp-block-buttons\">\n<div class=\"wp-block-button\"><a class=\"wp-block-button__link\" href=\"?page_id=13\">Vpra\u0161alnik za IJS oskrbe s pitno vodo<\/a><\/div>\n\n\n\n<div class=\"wp-block-button\"><a class=\"wp-block-button__link\" href=\"?page_id=7\">Vpra\u0161alnik za Ob\u010dine<\/a><\/div>\n<\/div>\n","protected":false},"excerpt":{"rendered":"<p>Ekstremne razmere, kot so su\u0161a ali poplava vplivajo na koli\u010dino ter kvaliteto vodnih virov ter posledi\u010dno na izvajanje javne slu\u017ebe z oskrbo s pitno vodo. Su\u0161ne razmere v letu 2022 ter poplavne razmere v letu 2023 so imele izjemen vpliv na izvajanje javne slu\u017ebe oskrbe s pitno vodo. Z namenom bolj\u0161ega razumevanja tega pojava smo [&hellip;]<\/p>\n","protected":false},"author":1,"featured_media":0,"parent":0,"menu_order":0,"comment_status":"closed","ping_status":"closed","template":"","meta":[],"_links":{"self":[{"href":"https:\/\/muha-drought.apps.vokas.si\/index.php?rest_route=\/wp\/v2\/pages\/29"}],"collection":[{"href":"https:\/\/muha-drought.apps.vokas.si\/index.php?rest_route=\/wp\/v2\/pages"}],"about":[{"href":"https:\/\/muha-drought.apps.vokas.si\/index.php?rest_route=\/wp\/v2\/types\/page"}],"author":[{"embeddable":true,"href":"https:\/\/muha-drought.apps.vokas.si\/index.php?rest_route=\/wp\/v2\/users\/1"}],"replies":[{"embeddable":true,"href":"https:\/\/muha-drought.apps.vokas.si\/index.php?rest_route=%2Fwp%2Fv2%2Fcomments&post=29"}],"version-history":[{"count":8,"href":"https:\/\/muha-drought.apps.vokas.si\/index.php?rest_route=\/wp\/v2\/pages\/29\/revisions"}],"predecessor-version":[{"id":98,"href":"https:\/\/muha-drought.apps.vokas.si\/index.php?rest_route=\/wp\/v2\/pages\/29\/revisions\/98"}],"wp:attachment":[{"href":"https:\/\/muha-drought.apps.vokas.si\/index.php?rest_route=%2Fwp%2Fv2%2Fmedia&parent=29"}],"curies":[{"name":"wp","href":"https:\/\/api.w.org\/{rel}","templated":true}]}}