{"id":13,"date":"2022-09-19T11:54:34","date_gmt":"2022-09-19T11:54:34","guid":{"rendered":"https:\/\/muha-drought.apps.vokas.si\/?page_id=13"},"modified":"2022-11-21T15:12:11","modified_gmt":"2022-11-21T15:12:11","slug":"porocilo-o-susi-2022","status":"publish","type":"page","link":"https:\/\/muha-drought.apps.vokas.si\/?page_id=13","title":{"rendered":"Vpra\u0161alnik za IJS oskrbe s pitno vodo"},"content":{"rendered":"\n<p>Poro\u010danje se navezuje na redno poro\u010danje izvajalcev javne slu\u017ebe oskrbe s pitno vodo v sistem IJSVO (Izvajanje Javnih Slu\u017eb Varstva Okolja). Zato prosimo, da uporabljate enake identifikatorje za vodovodne sisteme in aglomeracije.<\/p>\n\n\n\n<iframe src=\"https:\/\/muha-drought.apps.vokas.si\/wp-content\/public_html\/\" style=\"width: 100%; height: 4520px; border: none;\"><\/iframe>\n","protected":false},"excerpt":{"rendered":"<p>Poro\u010danje se navezuje na redno poro\u010danje izvajalcev javne slu\u017ebe oskrbe s pitno vodo v sistem IJSVO (Izvajanje Javnih Slu\u017eb Varstva Okolja). Zato prosimo, da uporabljate enake identifikatorje za vodovodne sisteme in aglomeracije.<\/p>\n","protected":false},"author":1,"featured_media":0,"parent":0,"menu_order":0,"comment_status":"closed","ping_status":"closed","template":"templates\/template-full-width.php","meta":[],"_links":{"self":[{"href":"https:\/\/muha-drought.apps.vokas.si\/index.php?rest_route=\/wp\/v2\/pages\/13"}],"collection":[{"href":"https:\/\/muha-drought.apps.vokas.si\/index.php?rest_route=\/wp\/v2\/pages"}],"about":[{"href":"https:\/\/muha-drought.apps.vokas.si\/index.php?rest_route=\/wp\/v2\/types\/page"}],"author":[{"embeddable":true,"href":"https:\/\/muha-drought.apps.vokas.si\/index.php?rest_route=\/wp\/v2\/users\/1"}],"replies":[{"embeddable":true,"href":"https:\/\/muha-drought.apps.vokas.si\/index.php?rest_route=%2Fwp%2Fv2%2Fcomments&post=13"}],"version-history":[{"count":22,"href":"https:\/\/muha-drought.apps.vokas.si\/index.php?rest_route=\/wp\/v2\/pages\/13\/revisions"}],"predecessor-version":[{"id":85,"href":"https:\/\/muha-drought.apps.vokas.si\/index.php?rest_route=\/wp\/v2\/pages\/13\/revisions\/85"}],"wp:attachment":[{"href":"https:\/\/muha-drought.apps.vokas.si\/index.php?rest_route=%2Fwp%2Fv2%2Fmedia&parent=13"}],"curies":[{"name":"wp","href":"https:\/\/api.w.org\/{rel}","templated":true}]}}